{"id":877,"date":"2023-11-08T21:15:52","date_gmt":"2023-11-08T21:15:52","guid":{"rendered":"https:\/\/portalakashico.com\/personalizar-cookies\/"},"modified":"2023-11-08T21:15:52","modified_gmt":"2023-11-08T21:15:52","slug":"personalizar-cookies","status":"publish","type":"page","link":"https:\/\/portalakashico.com\/?page_id=877","title":{"rendered":"Personalizar Cookies"},"content":{"rendered":"\n<div>\n      <div id=\"custom-cookies-eu-label\">\n          El sitio Web https:\/\/portalakashico.com utiliza cookies propias  para su correcto funcionamiento. Al hacer clic en el bot\u00f3n Aceptar, acepta el uso de estas tecnolog\u00edas y el procesamiento de sus datos para estos prop\u00f3sitos.          \n\n      <\/div>\n\n      <div id=\"custom-cookies-eu-buttons\" class=\"cookies-eu-buttons\">\n        <button id=\"custom-cookies-eu-reject\" class=\"cookies-eu-reject\">Rechazar<\/button>\n        <button id=\"custom-cookies-eu-accept\" class=\"cookies-eu-accept\">ACEPTAR TODAS LAS COOKIES<\/button><\/div>\n      <\/div>\n\n<br\/>\n<p>\n\tPuedes cambiar tus preferencias de cookies en cualquier momento si vuelves a la p\u00e1gina de Personalizar cookies, a la que puedes acceder a trav\u00e9s del Aviso de cookies. \n<\/p>\n\n<h3>Cookies t\u00e9cnicas<\/h3>\n<p>\n\tSon aquellas que permiten a los usuarios registrados navegar a trav\u00e9s del sitio Web, del \u00e1rea restringida y a utilizar sus diferentes funciones, como por ejemplo, el sistema de comentarios o el buscador y no pueden ser desactivadas.\n<\/p>\n\n\n\n<p>Visitas: 1<\/p>","protected":false},"excerpt":{"rendered":"<p>El sitio Web https:\/\/portalakashico.com utiliza cookies propias para su correcto funcionamiento. Al hacer clic en el bot\u00f3n Aceptar, acepta el uso de estas tecnolog\u00edas y el procesamiento de sus datos para estos prop\u00f3sitos. Rechazar ACEPTAR TODAS LAS COOKIES Puedes cambiar tus preferencias de cookies en cualquier momento si vuelves a la p\u00e1gina de Personalizar cookies, [&hellip;]<\/p>\n","protected":false},"author":1,"featured_media":0,"parent":0,"menu_order":0,"comment_status":"closed","ping_status":"closed","template":"","meta":{"ocean_post_layout":"","ocean_both_sidebars_style":"","ocean_both_sidebars_content_width":0,"ocean_both_sidebars_sidebars_width":0,"ocean_sidebar":"","ocean_second_sidebar":"","ocean_disable_margins":"enable","ocean_add_body_class":"","ocean_shortcode_before_top_bar":"","ocean_shortcode_after_top_bar":"","ocean_shortcode_before_header":"","ocean_shortcode_after_header":"","ocean_has_shortcode":"","ocean_shortcode_after_title":"","ocean_shortcode_before_footer_widgets":"","ocean_shortcode_after_footer_widgets":"","ocean_shortcode_before_footer_bottom":"","ocean_shortcode_after_footer_bottom":"","ocean_display_top_bar":"default","ocean_display_header":"default","ocean_header_style":"","ocean_center_header_left_menu":"","ocean_custom_header_template":"","ocean_custom_logo":0,"ocean_custom_retina_logo":0,"ocean_custom_logo_max_width":0,"ocean_custom_logo_tablet_max_width":0,"ocean_custom_logo_mobile_max_width":0,"ocean_custom_logo_max_height":0,"ocean_custom_logo_tablet_max_height":0,"ocean_custom_logo_mobile_max_height":0,"ocean_header_custom_menu":"","ocean_menu_typo_font_family":"","ocean_menu_typo_font_subset":"","ocean_menu_typo_font_size":0,"ocean_menu_typo_font_size_tablet":0,"ocean_menu_typo_font_size_mobile":0,"ocean_menu_typo_font_size_unit":"px","ocean_menu_typo_font_weight":"","ocean_menu_typo_font_weight_tablet":"","ocean_menu_typo_font_weight_mobile":"","ocean_menu_typo_transform":"","ocean_menu_typo_transform_tablet":"","ocean_menu_typo_transform_mobile":"","ocean_menu_typo_line_height":0,"ocean_menu_typo_line_height_tablet":0,"ocean_menu_typo_line_height_mobile":0,"ocean_menu_typo_line_height_unit":"","ocean_menu_typo_spacing":0,"ocean_menu_typo_spacing_tablet":0,"ocean_menu_typo_spacing_mobile":0,"ocean_menu_typo_spacing_unit":"","ocean_menu_link_color":"","ocean_menu_link_color_hover":"","ocean_menu_link_color_active":"","ocean_menu_link_background":"","ocean_menu_link_hover_background":"","ocean_menu_link_active_background":"","ocean_menu_social_links_bg":"","ocean_menu_social_hover_links_bg":"","ocean_menu_social_links_color":"","ocean_menu_social_hover_links_color":"","ocean_disable_title":"default","ocean_disable_heading":"default","ocean_post_title":"","ocean_post_subheading":"","ocean_post_title_style":"","ocean_post_title_background_color":"","ocean_post_title_background":0,"ocean_post_title_bg_image_position":"","ocean_post_title_bg_image_attachment":"","ocean_post_title_bg_image_repeat":"","ocean_post_title_bg_image_size":"","ocean_post_title_height":0,"ocean_post_title_bg_overlay":0.5,"ocean_post_title_bg_overlay_color":"","ocean_disable_breadcrumbs":"default","ocean_breadcrumbs_color":"","ocean_breadcrumbs_separator_color":"","ocean_breadcrumbs_links_color":"","ocean_breadcrumbs_links_hover_color":"","ocean_display_footer_widgets":"default","ocean_display_footer_bottom":"default","ocean_custom_footer_template":"","osh_disable_topbar_sticky":"default","osh_disable_header_sticky":"default","osh_sticky_header_style":"default","osh_sticky_header_effect":"","osh_custom_sticky_logo":0,"osh_custom_retina_sticky_logo":0,"osh_custom_sticky_logo_height":0,"osh_background_color":"","osh_links_color":"","osh_links_hover_color":"","osh_links_active_color":"","osh_links_bg_color":"","osh_links_hover_bg_color":"","osh_links_active_bg_color":"","osh_menu_social_links_color":"","osh_menu_social_hover_links_color":"","_joinchat":[],"footnotes":""},"class_list":["post-877","page","type-page","status-publish","hentry","entry"],"yoast_head":"<!-- This site is optimized with the Yoast SEO plugin v26.8 - https:\/\/yoast.com\/product\/yoast-seo-wordpress\/ -->\n<title>Personalizar Cookies - Portal Ak\u00e1shico<\/title>\n<meta name=\"robots\" content=\"index, follow, max-snippet:-1, max-image-preview:large, max-video-preview:-1\" \/>\n<link rel=\"canonical\" href=\"https:\/\/portalakashico.com\/?page_id=877\" \/>\n<meta property=\"og:locale\" content=\"es_ES\" \/>\n<meta property=\"og:type\" content=\"article\" \/>\n<meta property=\"og:title\" content=\"Personalizar Cookies - Portal Ak\u00e1shico\" \/>\n<meta property=\"og:description\" content=\"El sitio Web https:\/\/portalakashico.com utiliza cookies propias para su correcto funcionamiento. Al hacer clic en el bot\u00f3n Aceptar, acepta el uso de estas tecnolog\u00edas y el procesamiento de sus datos para estos prop\u00f3sitos. Rechazar ACEPTAR TODAS LAS COOKIES Puedes cambiar tus preferencias de cookies en cualquier momento si vuelves a la p\u00e1gina de Personalizar cookies, [&hellip;]\" \/>\n<meta property=\"og:url\" content=\"https:\/\/portalakashico.com\/?page_id=877\" \/>\n<meta property=\"og:site_name\" content=\"Portal Ak\u00e1shico\" \/>\n<meta name=\"twitter:card\" content=\"summary_large_image\" \/>\n<script type=\"application\/ld+json\" class=\"yoast-schema-graph\">{\"@context\":\"https:\/\/schema.org\",\"@graph\":[{\"@type\":\"WebPage\",\"@id\":\"https:\/\/portalakashico.com\/?page_id=877\",\"url\":\"https:\/\/portalakashico.com\/?page_id=877\",\"name\":\"Personalizar Cookies - Portal Ak\u00e1shico\",\"isPartOf\":{\"@id\":\"https:\/\/portalakashico.com\/#website\"},\"datePublished\":\"2023-11-08T21:15:52+00:00\",\"breadcrumb\":{\"@id\":\"https:\/\/portalakashico.com\/?page_id=877#breadcrumb\"},\"inLanguage\":\"es\",\"potentialAction\":[{\"@type\":\"ReadAction\",\"target\":[\"https:\/\/portalakashico.com\/?page_id=877\"]}]},{\"@type\":\"BreadcrumbList\",\"@id\":\"https:\/\/portalakashico.com\/?page_id=877#breadcrumb\",\"itemListElement\":[{\"@type\":\"ListItem\",\"position\":1,\"name\":\"Portada\",\"item\":\"https:\/\/portalakashico.com\/\"},{\"@type\":\"ListItem\",\"position\":2,\"name\":\"Personalizar Cookies\"}]},{\"@type\":\"WebSite\",\"@id\":\"https:\/\/portalakashico.com\/#website\",\"url\":\"https:\/\/portalakashico.com\/\",\"name\":\"Portal Ak\u00e1shico\",\"description\":\"\",\"publisher\":{\"@id\":\"https:\/\/portalakashico.com\/#\/schema\/person\/ffb801e98208a53a92e41c82ad68fd50\"},\"potentialAction\":[{\"@type\":\"SearchAction\",\"target\":{\"@type\":\"EntryPoint\",\"urlTemplate\":\"https:\/\/portalakashico.com\/?s={search_term_string}\"},\"query-input\":{\"@type\":\"PropertyValueSpecification\",\"valueRequired\":true,\"valueName\":\"search_term_string\"}}],\"inLanguage\":\"es\"},{\"@type\":[\"Person\",\"Organization\"],\"@id\":\"https:\/\/portalakashico.com\/#\/schema\/person\/ffb801e98208a53a92e41c82ad68fd50\",\"name\":\"SandeAmuur\",\"image\":{\"@type\":\"ImageObject\",\"inLanguage\":\"es\",\"@id\":\"https:\/\/portalakashico.com\/#\/schema\/person\/image\/\",\"url\":\"https:\/\/portalakashico.com\/wp-content\/uploads\/2023\/10\/Minimalist-Black-and-White-Clothing-Store-Logo-1.png\",\"contentUrl\":\"https:\/\/portalakashico.com\/wp-content\/uploads\/2023\/10\/Minimalist-Black-and-White-Clothing-Store-Logo-1.png\",\"width\":500,\"height\":120,\"caption\":\"SandeAmuur\"},\"logo\":{\"@id\":\"https:\/\/portalakashico.com\/#\/schema\/person\/image\/\"},\"sameAs\":[\"https:\/\/portalakashico.com\"]}]}<\/script>\n<!-- \/ Yoast SEO plugin. -->","yoast_head_json":{"title":"Personalizar Cookies - Portal Ak\u00e1shico","robots":{"index":"index","follow":"follow","max-snippet":"max-snippet:-1","max-image-preview":"max-image-preview:large","max-video-preview":"max-video-preview:-1"},"canonical":"https:\/\/portalakashico.com\/?page_id=877","og_locale":"es_ES","og_type":"article","og_title":"Personalizar Cookies - Portal Ak\u00e1shico","og_description":"El sitio Web https:\/\/portalakashico.com utiliza cookies propias para su correcto funcionamiento. Al hacer clic en el bot\u00f3n Aceptar, acepta el uso de estas tecnolog\u00edas y el procesamiento de sus datos para estos prop\u00f3sitos. Rechazar ACEPTAR TODAS LAS COOKIES Puedes cambiar tus preferencias de cookies en cualquier momento si vuelves a la p\u00e1gina de Personalizar cookies, [&hellip;]","og_url":"https:\/\/portalakashico.com\/?page_id=877","og_site_name":"Portal Ak\u00e1shico","twitter_card":"summary_large_image","schema":{"@context":"https:\/\/schema.org","@graph":[{"@type":"WebPage","@id":"https:\/\/portalakashico.com\/?page_id=877","url":"https:\/\/portalakashico.com\/?page_id=877","name":"Personalizar Cookies - Portal Ak\u00e1shico","isPartOf":{"@id":"https:\/\/portalakashico.com\/#website"},"datePublished":"2023-11-08T21:15:52+00:00","breadcrumb":{"@id":"https:\/\/portalakashico.com\/?page_id=877#breadcrumb"},"inLanguage":"es","potentialAction":[{"@type":"ReadAction","target":["https:\/\/portalakashico.com\/?page_id=877"]}]},{"@type":"BreadcrumbList","@id":"https:\/\/portalakashico.com\/?page_id=877#breadcrumb","itemListElement":[{"@type":"ListItem","position":1,"name":"Portada","item":"https:\/\/portalakashico.com\/"},{"@type":"ListItem","position":2,"name":"Personalizar Cookies"}]},{"@type":"WebSite","@id":"https:\/\/portalakashico.com\/#website","url":"https:\/\/portalakashico.com\/","name":"Portal Ak\u00e1shico","description":"","publisher":{"@id":"https:\/\/portalakashico.com\/#\/schema\/person\/ffb801e98208a53a92e41c82ad68fd50"},"potentialAction":[{"@type":"SearchAction","target":{"@type":"EntryPoint","urlTemplate":"https:\/\/portalakashico.com\/?s={search_term_string}"},"query-input":{"@type":"PropertyValueSpecification","valueRequired":true,"valueName":"search_term_string"}}],"inLanguage":"es"},{"@type":["Person","Organization"],"@id":"https:\/\/portalakashico.com\/#\/schema\/person\/ffb801e98208a53a92e41c82ad68fd50","name":"SandeAmuur","image":{"@type":"ImageObject","inLanguage":"es","@id":"https:\/\/portalakashico.com\/#\/schema\/person\/image\/","url":"https:\/\/portalakashico.com\/wp-content\/uploads\/2023\/10\/Minimalist-Black-and-White-Clothing-Store-Logo-1.png","contentUrl":"https:\/\/portalakashico.com\/wp-content\/uploads\/2023\/10\/Minimalist-Black-and-White-Clothing-Store-Logo-1.png","width":500,"height":120,"caption":"SandeAmuur"},"logo":{"@id":"https:\/\/portalakashico.com\/#\/schema\/person\/image\/"},"sameAs":["https:\/\/portalakashico.com"]}]}},"_links":{"self":[{"href":"https:\/\/portalakashico.com\/index.php?rest_route=\/wp\/v2\/pages\/877","targetHints":{"allow":["GET"]}}],"collection":[{"href":"https:\/\/portalakashico.com\/index.php?rest_route=\/wp\/v2\/pages"}],"about":[{"href":"https:\/\/portalakashico.com\/index.php?rest_route=\/wp\/v2\/types\/page"}],"author":[{"embeddable":true,"href":"https:\/\/portalakashico.com\/index.php?rest_route=\/wp\/v2\/users\/1"}],"replies":[{"embeddable":true,"href":"https:\/\/portalakashico.com\/index.php?rest_route=%2Fwp%2Fv2%2Fcomments&post=877"}],"version-history":[{"count":0,"href":"https:\/\/portalakashico.com\/index.php?rest_route=\/wp\/v2\/pages\/877\/revisions"}],"wp:attachment":[{"href":"https:\/\/portalakashico.com\/index.php?rest_route=%2Fwp%2Fv2%2Fmedia&parent=877"}],"curies":[{"name":"wp","href":"https:\/\/api.w.org\/{rel}","templated":true}]}}